{"id":3532,"date":"2025-05-20T09:48:04","date_gmt":"2025-05-20T09:48:04","guid":{"rendered":"http:\/\/localhost:8080\/product\/italian-inlaid-box-adorned-with-musical-instruments\/"},"modified":"2025-05-20T15:57:15","modified_gmt":"2025-05-20T15:57:15","slug":"scatola-legno-intarsiato","status":"publish","type":"product","link":"https:\/\/www.augustoelucasworkshop.com\/it\/product\/scatola-legno-intarsiato\/","title":{"rendered":"Scatola in legno intarsiato adornata di strumenti musicali"},"content":{"rendered":"<p><strong>Scatola in legno<\/strong> <strong>intarsiato<\/strong> prodotta nella meravigliosa citt\u00e0 di Sorrento che vanta una tradizione secolare nell&#8217;arte dell&#8217;intarsio su legno.<\/p>\n<p>La <strong>scatola portagioie<\/strong> \u00e8 intarsiata su legno Sorrentino e presenta sul coperchio un mandolino: questo meraviglioso decoro \u00e8 realizzato a mano traforando le lamine dei diversi legni e incollate una ad una, con particolare attenzione alla cura di ogni dettaglio.<\/p>\n<p>Al suo interno, il <strong>cofanetto<\/strong> \u00e8 composto da <a href=\"http:\/\/www.faidate360.com\/Legno_mogano.html\">legno di <strong>mogano massello<\/strong><\/a>, mentre il bordo foderato in <a href=\"http:\/\/www.faidate360.com\/Legno_noce.html\"><strong>radice di noce<\/strong><\/a>;\u00a0 ad impreziosire il valore dell&#8217;oggetto Sorrentino \u00e8 la soffice fodera in velluto che riveste il vano interno e la cerniera in ottone che collega il coperchio alla base.<\/p>\n","protected":false},"excerpt":{"rendered":"<p>Scatola in legno intarsiato prodotta nella meravigliosa citt\u00e0 di Sorrento che vanta una tradizione secolare nell&#8217;arte dell&#8217;intarsio su legno. La scatola portagioie \u00e8 intarsiata su legno Sorrentino e presenta sul coperchio un mandolino: questo meraviglioso decoro \u00e8 realizzato a mano traforando le lamine dei diversi legni e incollate una ad una, con particolare attenzione alla &hellip; <\/p>\n<p class=\"link-more\"><a href=\"https:\/\/www.augustoelucasworkshop.com\/it\/product\/scatola-legno-intarsiato\/\" class=\"more-link\">Leggi tutto<span class=\"screen-reader-text\"> &#8220;Scatola in legno intarsiato adornata di strumenti musicali&#8221;<\/span><\/a><\/p>\n","protected":false},"featured_media":1858,"comment_status":"open","ping_status":"closed","template":"","meta":[],"product_cat":[65],"product_tag":[],"class_list":{"0":"post-3532","1":"product","2":"type-product","3":"status-publish","4":"has-post-thumbnail","6":"product_cat-inlaid-jewelery-box-it","8":"first","9":"instock","10":"shipping-taxable","11":"purchasable","12":"product-type-simple"},"jetpack_sharing_enabled":true,"_links":{"self":[{"href":"https:\/\/www.augustoelucasworkshop.com\/it\/wp-json\/wp\/v2\/product\/3532","targetHints":{"allow":["GET"]}}],"collection":[{"href":"https:\/\/www.augustoelucasworkshop.com\/it\/wp-json\/wp\/v2\/product"}],"about":[{"href":"https:\/\/www.augustoelucasworkshop.com\/it\/wp-json\/wp\/v2\/types\/product"}],"replies":[{"embeddable":true,"href":"https:\/\/www.augustoelucasworkshop.com\/it\/wp-json\/wp\/v2\/comments?post=3532"}],"wp:featuredmedia":[{"embeddable":true,"href":"https:\/\/www.augustoelucasworkshop.com\/it\/wp-json\/wp\/v2\/media\/1858"}],"wp:attachment":[{"href":"https:\/\/www.augustoelucasworkshop.com\/it\/wp-json\/wp\/v2\/media?parent=3532"}],"wp:term":[{"taxonomy":"product_cat","embeddable":true,"href":"https:\/\/www.augustoelucasworkshop.com\/it\/wp-json\/wp\/v2\/product_cat?post=3532"},{"taxonomy":"product_tag","embeddable":true,"href":"https:\/\/www.augustoelucasworkshop.com\/it\/wp-json\/wp\/v2\/product_tag?post=3532"}],"curies":[{"name":"wp","href":"https:\/\/api.w.org\/{rel}","templated":true}]}}