{"id":3534,"date":"2025-05-20T09:48:04","date_gmt":"2025-05-20T09:48:04","guid":{"rendered":"http:\/\/localhost:8080\/product\/inlaid-wood-box-with-floral-pattern\/"},"modified":"2025-05-20T15:57:15","modified_gmt":"2025-05-20T15:57:15","slug":"cofanetto-portagioie-legno-con-intarsio-floreale","status":"publish","type":"product","link":"https:\/\/www.augustoelucasworkshop.com\/it\/product\/cofanetto-portagioie-legno-con-intarsio-floreale\/","title":{"rendered":"Cofanetto portagioie in legno con intarsio floreale"},"content":{"rendered":"<p>Piccolo <strong>cofanetto in legno intarsiato<\/strong> prodotto interamente a mano dopo tante ore di lavoro, da artigiani esperti della meravigliosa citt\u00e0 di <strong>Sorrento<\/strong>, in Italia.<\/p>\n<p>La parte interna del <strong>cofanetto<\/strong> \u00e8 realizzata in <a href=\"http:\/\/www.faidate360.com\/Legno_mogano.html\">legno di <strong>mogano massello<\/strong><\/a>, mentre in bordo esterno \u00e8 foderato in <strong><a href=\"https:\/\/www.faidanoi.it\/bioedilizia\/materiali-il-legno-2-2\/\">radica di olmo<\/a> naturale<\/strong>, legno molto pregiato e ricercato.<\/p>\n<p>Il coperchio \u00e8 ornato da un <strong>intarsio<\/strong> <strong>floreale<\/strong>, realizzato intagliando e sagomando tante lamine di legni naturali e tinti.<\/p>\n<p>Conclude l&#8217;opera d&#8217;arte una soffice fodera in velluto di alta qualit\u00e0 che ricopre il vano <strong>portagioie<\/strong> interno e una dolce melodia napoletana effusa all&#8217;apertura dello stesso.<\/p>\n","protected":false},"excerpt":{"rendered":"<p>Piccolo cofanetto in legno intarsiato prodotto interamente a mano dopo tante ore di lavoro, da artigiani esperti della meravigliosa citt\u00e0 di Sorrento, in Italia. La parte interna del cofanetto \u00e8 realizzata in legno di mogano massello, mentre in bordo esterno \u00e8 foderato in radica di olmo naturale, legno molto pregiato e ricercato. Il coperchio \u00e8 &hellip; <\/p>\n<p class=\"link-more\"><a href=\"https:\/\/www.augustoelucasworkshop.com\/it\/product\/cofanetto-portagioie-legno-con-intarsio-floreale\/\" class=\"more-link\">Leggi tutto<span class=\"screen-reader-text\"> &#8220;Cofanetto portagioie in legno con intarsio floreale&#8221;<\/span><\/a><\/p>\n","protected":false},"featured_media":1878,"comment_status":"open","ping_status":"closed","template":"","meta":[],"product_cat":[65],"product_tag":[],"class_list":{"0":"post-3534","1":"product","2":"type-product","3":"status-publish","4":"has-post-thumbnail","6":"product_cat-inlaid-jewelery-box-it","8":"first","9":"outofstock","10":"sale","11":"shipping-taxable","12":"purchasable","13":"product-type-simple"},"jetpack_sharing_enabled":true,"_links":{"self":[{"href":"https:\/\/www.augustoelucasworkshop.com\/it\/wp-json\/wp\/v2\/product\/3534","targetHints":{"allow":["GET"]}}],"collection":[{"href":"https:\/\/www.augustoelucasworkshop.com\/it\/wp-json\/wp\/v2\/product"}],"about":[{"href":"https:\/\/www.augustoelucasworkshop.com\/it\/wp-json\/wp\/v2\/types\/product"}],"replies":[{"embeddable":true,"href":"https:\/\/www.augustoelucasworkshop.com\/it\/wp-json\/wp\/v2\/comments?post=3534"}],"wp:featuredmedia":[{"embeddable":true,"href":"https:\/\/www.augustoelucasworkshop.com\/it\/wp-json\/wp\/v2\/media\/1878"}],"wp:attachment":[{"href":"https:\/\/www.augustoelucasworkshop.com\/it\/wp-json\/wp\/v2\/media?parent=3534"}],"wp:term":[{"taxonomy":"product_cat","embeddable":true,"href":"https:\/\/www.augustoelucasworkshop.com\/it\/wp-json\/wp\/v2\/product_cat?post=3534"},{"taxonomy":"product_tag","embeddable":true,"href":"https:\/\/www.augustoelucasworkshop.com\/it\/wp-json\/wp\/v2\/product_tag?post=3534"}],"curies":[{"name":"wp","href":"https:\/\/api.w.org\/{rel}","templated":true}]}}