{"id":3549,"date":"2025-05-20T09:47:56","date_gmt":"2025-05-20T09:47:56","guid":{"rendered":"http:\/\/localhost:8080\/product\/cofanetto-portagioie-musicale-con-ornato-classico\/"},"modified":"2025-05-20T15:57:11","modified_gmt":"2025-05-20T15:57:11","slug":"cofanetto-portagioie-musicale-con-ornato-classico","status":"publish","type":"product","link":"https:\/\/www.augustoelucasworkshop.com\/it\/product\/cofanetto-portagioie-musicale-con-ornato-classico\/","title":{"rendered":"Cofanetto portagioie musicale con ornato classico"},"content":{"rendered":"<p>Cofanetto musicale, in stile barocco, realizzato interamente a mano dagli artigiani della<strong>\u00a0tarsia lignea sorrentina<\/strong>.<\/p>\n<p>Sul coperchio, questo raffinato portagioie, presenta un<strong>\u00a0intarsio classico sorrentino\u00a0<\/strong>in legno d\u2019acero,\u00a0traforato su <strong>radica di noce<\/strong> naturale.<\/p>\n<p>Il cofanetto \u00e8 dotato di serratura con chiave in ottone e all&#8217;interno \u00e8 impreziosito da un elegante rivestimento in velluto.<\/p>\n<p>Solo i pi\u00f9 abili maestri artigiani del legno originari di Sorrento sono in grado di eseguire un progetto in stile classico, ma allo stesso tempo sofisticato.<\/p>\n","protected":false},"excerpt":{"rendered":"<p>Cofanetto musicale, in stile barocco, realizzato interamente a mano dagli artigiani della\u00a0tarsia lignea sorrentina. Sul coperchio, questo raffinato portagioie, presenta un\u00a0intarsio classico sorrentino\u00a0in legno d\u2019acero,\u00a0traforato su radica di noce naturale. Il cofanetto \u00e8 dotato di serratura con chiave in ottone e all&#8217;interno \u00e8 impreziosito da un elegante rivestimento in velluto. Solo i pi\u00f9 abili maestri &hellip; <\/p>\n<p class=\"link-more\"><a href=\"https:\/\/www.augustoelucasworkshop.com\/it\/product\/cofanetto-portagioie-musicale-con-ornato-classico\/\" class=\"more-link\">Leggi tutto<span class=\"screen-reader-text\"> &#8220;Cofanetto portagioie musicale con ornato classico&#8221;<\/span><\/a><\/p>\n","protected":false},"featured_media":1640,"comment_status":"open","ping_status":"closed","template":"","meta":[],"product_cat":[35],"product_tag":[],"class_list":{"0":"post-3549","1":"product","2":"type-product","3":"status-publish","4":"has-post-thumbnail","6":"product_cat-portagioie-intarsiati-con-carillon","8":"first","9":"instock","10":"shipping-taxable","11":"purchasable","12":"product-type-simple"},"jetpack_sharing_enabled":true,"_links":{"self":[{"href":"https:\/\/www.augustoelucasworkshop.com\/it\/wp-json\/wp\/v2\/product\/3549","targetHints":{"allow":["GET"]}}],"collection":[{"href":"https:\/\/www.augustoelucasworkshop.com\/it\/wp-json\/wp\/v2\/product"}],"about":[{"href":"https:\/\/www.augustoelucasworkshop.com\/it\/wp-json\/wp\/v2\/types\/product"}],"replies":[{"embeddable":true,"href":"https:\/\/www.augustoelucasworkshop.com\/it\/wp-json\/wp\/v2\/comments?post=3549"}],"wp:featuredmedia":[{"embeddable":true,"href":"https:\/\/www.augustoelucasworkshop.com\/it\/wp-json\/wp\/v2\/media\/1640"}],"wp:attachment":[{"href":"https:\/\/www.augustoelucasworkshop.com\/it\/wp-json\/wp\/v2\/media?parent=3549"}],"wp:term":[{"taxonomy":"product_cat","embeddable":true,"href":"https:\/\/www.augustoelucasworkshop.com\/it\/wp-json\/wp\/v2\/product_cat?post=3549"},{"taxonomy":"product_tag","embeddable":true,"href":"https:\/\/www.augustoelucasworkshop.com\/it\/wp-json\/wp\/v2\/product_tag?post=3549"}],"curies":[{"name":"wp","href":"https:\/\/api.w.org\/{rel}","templated":true}]}}