{"id":3572,"date":"2025-05-20T09:47:46","date_gmt":"2025-05-20T09:47:46","guid":{"rendered":"http:\/\/localhost:8080\/product\/portamatite-intarsiato-con-paesaggio-di-sorrento\/"},"modified":"2025-05-20T15:57:08","modified_gmt":"2025-05-20T15:57:08","slug":"portamatite-intarsiato-con-paesaggio-di-sorrento","status":"publish","type":"product","link":"https:\/\/www.augustoelucasworkshop.com\/it\/product\/portamatite-intarsiato-con-paesaggio-di-sorrento\/","title":{"rendered":"Portamatite intarsiato con paesaggio di Sorrento"},"content":{"rendered":"<p>Portamatite realizzato interamente a mano con tante tipologie di legni diverse traforati ed incollati con estrema cura dei dettagli.<\/p>\n<p>Il portamatite \u00e8 stato costruito con <a href=\"https:\/\/www.bricolegnostore.it\/listelli-e-tavole-legno-massello-grezze\/mogano.html\">legno di mogano<\/a> ed \u00e8 rivestito in radica di <a href=\"https:\/\/www.berardengolegnami.it\/essenze.php?essenza=7#:~:text=Il bubinga \u00e8 un legno,biancastro o bruno chiaro, inutilizzabile.&amp;text=Il bubinga si essicca lentamente,essiccato \u00e8 stabile in opera.\">bubinga<\/a> naturale.<\/p>\n<p>Sul coperchio \u00e8 raffigurato il paesaggio di Sorrento con il meraviglioso Vesuvio sullo sfondo.<\/p>\n<p>L&#8217;interno del portamatite \u00e8 impreziosito da un elegante velluto.<\/p>\n<p>&nbsp;<\/p>\n","protected":false},"excerpt":{"rendered":"<p>Portamatite realizzato interamente a mano con tante tipologie di legni diverse traforati ed incollati con estrema cura dei dettagli. Il portamatite \u00e8 stato costruito con legno di mogano ed \u00e8 rivestito in radica di bubinga naturale. Sul coperchio \u00e8 raffigurato il paesaggio di Sorrento con il meraviglioso Vesuvio sullo sfondo. L&#8217;interno del portamatite \u00e8 impreziosito &hellip; <\/p>\n<p class=\"link-more\"><a href=\"https:\/\/www.augustoelucasworkshop.com\/it\/product\/portamatite-intarsiato-con-paesaggio-di-sorrento\/\" class=\"more-link\">Leggi tutto<span class=\"screen-reader-text\"> &#8220;Portamatite intarsiato con paesaggio di Sorrento&#8221;<\/span><\/a><\/p>\n","protected":false},"featured_media":0,"comment_status":"open","ping_status":"closed","template":"","meta":[],"product_cat":[38],"product_tag":[],"class_list":{"0":"post-3572","1":"product","2":"type-product","3":"status-publish","5":"product_cat-portamatite-intarsiati","7":"first","8":"instock","9":"sale","10":"shipping-taxable","11":"purchasable","12":"product-type-simple"},"jetpack_sharing_enabled":true,"_links":{"self":[{"href":"https:\/\/www.augustoelucasworkshop.com\/it\/wp-json\/wp\/v2\/product\/3572","targetHints":{"allow":["GET"]}}],"collection":[{"href":"https:\/\/www.augustoelucasworkshop.com\/it\/wp-json\/wp\/v2\/product"}],"about":[{"href":"https:\/\/www.augustoelucasworkshop.com\/it\/wp-json\/wp\/v2\/types\/product"}],"replies":[{"embeddable":true,"href":"https:\/\/www.augustoelucasworkshop.com\/it\/wp-json\/wp\/v2\/comments?post=3572"}],"wp:attachment":[{"href":"https:\/\/www.augustoelucasworkshop.com\/it\/wp-json\/wp\/v2\/media?parent=3572"}],"wp:term":[{"taxonomy":"product_cat","embeddable":true,"href":"https:\/\/www.augustoelucasworkshop.com\/it\/wp-json\/wp\/v2\/product_cat?post=3572"},{"taxonomy":"product_tag","embeddable":true,"href":"https:\/\/www.augustoelucasworkshop.com\/it\/wp-json\/wp\/v2\/product_tag?post=3572"}],"curies":[{"name":"wp","href":"https:\/\/api.w.org\/{rel}","templated":true}]}}