{"id":3943,"date":"2026-03-10T17:18:34","date_gmt":"2026-03-10T17:18:34","guid":{"rendered":"https:\/\/www.augustoelucasworkshop.com\/product\/portagioie-musicale-rosso-con-ornato-classico\/"},"modified":"2026-03-25T19:17:19","modified_gmt":"2026-03-25T19:17:19","slug":"portagioie-musicale-rosso-con-ornato-classico","status":"publish","type":"product","link":"https:\/\/www.augustoelucasworkshop.com\/it\/product\/portagioie-musicale-rosso-con-ornato-classico\/","title":{"rendered":"PORTAGIOIE MUSICALE ROSSO CON ORNATO CLASSICO"},"content":{"rendered":"<p class=\"p1\" style=\"margin: 0px;font-size: 18.6px;line-height: normal\"><span class=\"s1\" style=\"font-family: UICTFontTextStyleBody;font-size: 18.59px\">Questo cofanetto musicale \u00e8 stato interamente realizzato a mano utilizzando legni di alta qualit\u00e0 rigorosamente selezionati dagli artigiani della tarsia sorrentina.<\/span><\/p>\n<p class=\"p1\" style=\"margin: 0px;font-size: 18.6px;line-height: normal\"><span class=\"s1\" style=\"font-family: UICTFontTextStyleBody;font-size: 18.59px\"><br \/><\/span><\/p>\n<p class=\"p1\" style=\"margin: 0px;font-size: 18.6px;line-height: normal\"><span class=\"s1\" style=\"font-family: UICTFontTextStyleBody;font-size: 18.59px\">Il&nbsp;cofanetto \u00e8 realizzato con&nbsp;<a href=\"https:\/\/it.wikipedia.org\/wiki\/Mogano_(legno)\">legno di mogano<\/a>&nbsp;massello, mentre il bordo \u00e8 foderato in radica di Erable tinto.<\/span><\/p>\n<p class=\"p1\" style=\"margin: 0px;font-size: 18.6px;line-height: normal\"><span class=\"s1\" style=\"font-family: UICTFontTextStyleBody;font-size: 18.59px\"><br \/><\/span><\/p>\n<p class=\"p1\" style=\"margin: 0px;font-size: 18.6px;line-height: normal\"><span class=\"s1\" style=\"font-family: UICTFontTextStyleBody;font-size: 18.59px\">Sul portagioie \u00e8 intarsiati a mano il tradizionale ornato Sorrentino in legno di arancio.<\/span><\/p>\n<p class=\"p1\" style=\"margin: 0px;font-size: 18.6px;line-height: normal\"><span class=\"s1\" style=\"font-family: UICTFontTextStyleBody;font-size: 18.59px\"><br \/><\/span><\/p>\n<p class=\"p1\" style=\"margin: 0px;font-size: 18.6px;line-height: normal\"><span class=\"s1\" style=\"font-family: UICTFontTextStyleBody;font-size: 18.59px\">L\u2019interno del portagioie \u00e8 impreziosito da un elegante rivestimento in velluto.<\/span><\/p>\n<p class=\"p1\" style=\"margin: 0px;font-size: 18.6px;line-height: normal\"><span class=\"s1\" style=\"font-family: UICTFontTextStyleBody;font-size: 18.59px\"><br \/><\/span><\/p>\n<p class=\"p1\" style=\"margin: 0px;font-size: 18.6px;line-height: normal\"><span class=\"s1\" style=\"font-family: UICTFontTextStyleBody;font-size: 18.59px\">Questo portagioie \u00e8 stato realizzato a mano dagli artigiani Augusto e suo figlio Luca a Sorrento.<\/span><\/p>\n","protected":false},"excerpt":{"rendered":"<p>Questo cofanetto musicale \u00e8 stato interamente realizzato a mano utilizzando legni di alta qualit\u00e0 rigorosamente selezionati dagli artigiani della tarsia sorrentina. Il&nbsp;cofanetto \u00e8 realizzato con&nbsp;legno di mogano&nbsp;massello, mentre il bordo \u00e8 foderato in radica di Erable tinto. Sul portagioie \u00e8 intarsiati a mano il tradizionale ornato Sorrentino in legno di arancio. L\u2019interno del portagioie \u00e8 &hellip; <\/p>\n<p class=\"link-more\"><a href=\"https:\/\/www.augustoelucasworkshop.com\/it\/product\/portagioie-musicale-rosso-con-ornato-classico\/\" class=\"more-link\">Leggi tutto<span class=\"screen-reader-text\"> &#8220;PORTAGIOIE MUSICALE ROSSO CON ORNATO CLASSICO&#8221;<\/span><\/a><\/p>\n","protected":false},"featured_media":3982,"comment_status":"open","ping_status":"closed","template":"","meta":[],"product_cat":[35],"product_tag":[],"class_list":{"0":"post-3943","1":"product","2":"type-product","3":"status-publish","4":"has-post-thumbnail","6":"product_cat-portagioie-intarsiati-con-carillon","8":"first","9":"instock","10":"sale","11":"shipping-taxable","12":"purchasable","13":"product-type-simple"},"jetpack_sharing_enabled":true,"_links":{"self":[{"href":"https:\/\/www.augustoelucasworkshop.com\/it\/wp-json\/wp\/v2\/product\/3943","targetHints":{"allow":["GET"]}}],"collection":[{"href":"https:\/\/www.augustoelucasworkshop.com\/it\/wp-json\/wp\/v2\/product"}],"about":[{"href":"https:\/\/www.augustoelucasworkshop.com\/it\/wp-json\/wp\/v2\/types\/product"}],"replies":[{"embeddable":true,"href":"https:\/\/www.augustoelucasworkshop.com\/it\/wp-json\/wp\/v2\/comments?post=3943"}],"wp:featuredmedia":[{"embeddable":true,"href":"https:\/\/www.augustoelucasworkshop.com\/it\/wp-json\/wp\/v2\/media\/3982"}],"wp:attachment":[{"href":"https:\/\/www.augustoelucasworkshop.com\/it\/wp-json\/wp\/v2\/media?parent=3943"}],"wp:term":[{"taxonomy":"product_cat","embeddable":true,"href":"https:\/\/www.augustoelucasworkshop.com\/it\/wp-json\/wp\/v2\/product_cat?post=3943"},{"taxonomy":"product_tag","embeddable":true,"href":"https:\/\/www.augustoelucasworkshop.com\/it\/wp-json\/wp\/v2\/product_tag?post=3943"}],"curies":[{"name":"wp","href":"https:\/\/api.w.org\/{rel}","templated":true}]}}